{"id":14,"date":"2021-01-20T09:20:34","date_gmt":"2021-01-20T12:20:34","guid":{"rendered":"https:\/\/www.gerenciadoreficaz.com.br\/site\/2021\/?page_id=14"},"modified":"2021-02-04T15:41:19","modified_gmt":"2021-02-04T18:41:19","slug":"planos-e-precos","status":"publish","type":"page","link":"https:\/\/www.gerenciadoreficaz.com.br\/site\/planos-e-precos\/","title":{"rendered":"Planos e Pre\u00e7os"},"content":{"rendered":"","protected":false},"excerpt":{"rendered":"","protected":false},"author":1,"featured_media":0,"parent":0,"menu_order":0,"comment_status":"closed","ping_status":"closed","template":"","meta":{"footnotes":""},"class_list":["post-14","page","type-page","status-publish","hentry"],"yoast_head":"<!-- This site is optimized with the Yoast SEO plugin v17.6 - https:\/\/yoast.com\/wordpress\/plugins\/seo\/ -->\n<title>Planos e Pre\u00e7os - Gerenciador Eficaz<\/title>\n<meta name=\"description\" content=\"Aproveite nossa promo\u00e7\u00e3o por tempo limitado, e descubra a forma mais eficiente de emitir NF-e e organizar sua empresa.\" \/>\n<meta name=\"robots\" content=\"index, follow, max-snippet:-1, max-image-preview:large, max-video-preview:-1\" \/>\n<link rel=\"canonical\" href=\"https:\/\/www.gerenciadoreficaz.com.br\/site\/planos-e-precos\/\" \/>\n<meta property=\"og:locale\" content=\"pt_BR\" \/>\n<meta property=\"og:type\" content=\"article\" \/>\n<meta property=\"og:title\" content=\"Planos e Pre\u00e7os - Gerenciador Eficaz\" \/>\n<meta property=\"og:description\" content=\"Aproveite nossa promo\u00e7\u00e3o por tempo limitado, e descubra a forma mais eficiente de emitir NF-e e organizar sua empresa.\" \/>\n<meta property=\"og:url\" content=\"https:\/\/www.gerenciadoreficaz.com.br\/site\/planos-e-precos\/\" \/>\n<meta property=\"og:site_name\" content=\"Gerenciador Eficaz\" \/>\n<meta property=\"article:publisher\" content=\"https:\/\/www.facebook.com\/GerenciadorEficaz\" \/>\n<meta property=\"article:modified_time\" content=\"2021-02-04T18:41:19+00:00\" \/>\n<meta name=\"twitter:card\" content=\"summary_large_image\" \/>\n<script type=\"application\/ld+json\" class=\"yoast-schema-graph\">{\"@context\":\"https:\/\/schema.org\",\"@graph\":[{\"@type\":\"Organization\",\"@id\":\"https:\/\/www.gerenciadoreficaz.com.br\/site\/#organization\",\"name\":\"Regra Consultoria\",\"url\":\"https:\/\/www.gerenciadoreficaz.com.br\/site\/\",\"sameAs\":[\"https:\/\/www.facebook.com\/GerenciadorEficaz\",\"https:\/\/www.instagram.com\/gerenciadoreficaz\/\",\"https:\/\/www.linkedin.com\/company\/regra-consultoria-e-inform-tica-ltda\/about\/\"],\"logo\":{\"@type\":\"ImageObject\",\"@id\":\"https:\/\/www.gerenciadoreficaz.com.br\/site\/#logo\",\"inLanguage\":\"pt-BR\",\"url\":\"https:\/\/www.gerenciadoreficaz.com.br\/site\/wp-content\/uploads\/2021\/01\/logo.png\",\"contentUrl\":\"https:\/\/www.gerenciadoreficaz.com.br\/site\/wp-content\/uploads\/2021\/01\/logo.png\",\"width\":264,\"height\":65,\"caption\":\"Regra Consultoria\"},\"image\":{\"@id\":\"https:\/\/www.gerenciadoreficaz.com.br\/site\/#logo\"}},{\"@type\":\"WebSite\",\"@id\":\"https:\/\/www.gerenciadoreficaz.com.br\/site\/#website\",\"url\":\"https:\/\/www.gerenciadoreficaz.com.br\/site\/\",\"name\":\"Gerenciador Eficaz\",\"description\":\"Programa para emiss\\u00e3o de nota fiscal, controle de estoque, vendas, financeiro e muito mais!\",\"publisher\":{\"@id\":\"https:\/\/www.gerenciadoreficaz.com.br\/site\/#organization\"},\"potentialAction\":[{\"@type\":\"SearchAction\",\"target\":{\"@type\":\"EntryPoint\",\"urlTemplate\":\"https:\/\/www.gerenciadoreficaz.com.br\/site\/?s={search_term_string}\"},\"query-input\":\"required name=search_term_string\"}],\"inLanguage\":\"pt-BR\"},{\"@type\":\"WebPage\",\"@id\":\"https:\/\/www.gerenciadoreficaz.com.br\/site\/planos-e-precos\/#webpage\",\"url\":\"https:\/\/www.gerenciadoreficaz.com.br\/site\/planos-e-precos\/\",\"name\":\"Planos e Pre\\u00e7os - Gerenciador Eficaz\",\"isPartOf\":{\"@id\":\"https:\/\/www.gerenciadoreficaz.com.br\/site\/#website\"},\"datePublished\":\"2021-01-20T12:20:34+00:00\",\"dateModified\":\"2021-02-04T18:41:19+00:00\",\"description\":\"Aproveite nossa promo\\u00e7\\u00e3o por tempo limitado, e descubra a forma mais eficiente de emitir NF-e e organizar sua empresa.\",\"breadcrumb\":{\"@id\":\"https:\/\/www.gerenciadoreficaz.com.br\/site\/planos-e-precos\/#breadcrumb\"},\"inLanguage\":\"pt-BR\",\"potentialAction\":[{\"@type\":\"ReadAction\",\"target\":[\"https:\/\/www.gerenciadoreficaz.com.br\/site\/planos-e-precos\/\"]}]},{\"@type\":\"BreadcrumbList\",\"@id\":\"https:\/\/www.gerenciadoreficaz.com.br\/site\/planos-e-precos\/#breadcrumb\",\"itemListElement\":[{\"@type\":\"ListItem\",\"position\":1,\"name\":\"In\\u00edcio\",\"item\":\"https:\/\/www.gerenciadoreficaz.com.br\/site\/\"},{\"@type\":\"ListItem\",\"position\":2,\"name\":\"Planos e Pre\\u00e7os\"}]}]}<\/script>\n<!-- \/ Yoast SEO plugin. -->","yoast_head_json":{"title":"Planos e Pre\u00e7os - Gerenciador Eficaz","description":"Aproveite nossa promo\u00e7\u00e3o por tempo limitado, e descubra a forma mais eficiente de emitir NF-e e organizar sua empresa.","robots":{"index":"index","follow":"follow","max-snippet":"max-snippet:-1","max-image-preview":"max-image-preview:large","max-video-preview":"max-video-preview:-1"},"canonical":"https:\/\/www.gerenciadoreficaz.com.br\/site\/planos-e-precos\/","og_locale":"pt_BR","og_type":"article","og_title":"Planos e Pre\u00e7os - Gerenciador Eficaz","og_description":"Aproveite nossa promo\u00e7\u00e3o por tempo limitado, e descubra a forma mais eficiente de emitir NF-e e organizar sua empresa.","og_url":"https:\/\/www.gerenciadoreficaz.com.br\/site\/planos-e-precos\/","og_site_name":"Gerenciador Eficaz","article_publisher":"https:\/\/www.facebook.com\/GerenciadorEficaz","article_modified_time":"2021-02-04T18:41:19+00:00","twitter_card":"summary_large_image","schema":{"@context":"https:\/\/schema.org","@graph":[{"@type":"Organization","@id":"https:\/\/www.gerenciadoreficaz.com.br\/site\/#organization","name":"Regra Consultoria","url":"https:\/\/www.gerenciadoreficaz.com.br\/site\/","sameAs":["https:\/\/www.facebook.com\/GerenciadorEficaz","https:\/\/www.instagram.com\/gerenciadoreficaz\/","https:\/\/www.linkedin.com\/company\/regra-consultoria-e-inform-tica-ltda\/about\/"],"logo":{"@type":"ImageObject","@id":"https:\/\/www.gerenciadoreficaz.com.br\/site\/#logo","inLanguage":"pt-BR","url":"https:\/\/www.gerenciadoreficaz.com.br\/site\/wp-content\/uploads\/2021\/01\/logo.png","contentUrl":"https:\/\/www.gerenciadoreficaz.com.br\/site\/wp-content\/uploads\/2021\/01\/logo.png","width":264,"height":65,"caption":"Regra Consultoria"},"image":{"@id":"https:\/\/www.gerenciadoreficaz.com.br\/site\/#logo"}},{"@type":"WebSite","@id":"https:\/\/www.gerenciadoreficaz.com.br\/site\/#website","url":"https:\/\/www.gerenciadoreficaz.com.br\/site\/","name":"Gerenciador Eficaz","description":"Programa para emiss\u00e3o de nota fiscal, controle de estoque, vendas, financeiro e muito mais!","publisher":{"@id":"https:\/\/www.gerenciadoreficaz.com.br\/site\/#organization"},"potentialAction":[{"@type":"SearchAction","target":{"@type":"EntryPoint","urlTemplate":"https:\/\/www.gerenciadoreficaz.com.br\/site\/?s={search_term_string}"},"query-input":"required name=search_term_string"}],"inLanguage":"pt-BR"},{"@type":"WebPage","@id":"https:\/\/www.gerenciadoreficaz.com.br\/site\/planos-e-precos\/#webpage","url":"https:\/\/www.gerenciadoreficaz.com.br\/site\/planos-e-precos\/","name":"Planos e Pre\u00e7os - Gerenciador Eficaz","isPartOf":{"@id":"https:\/\/www.gerenciadoreficaz.com.br\/site\/#website"},"datePublished":"2021-01-20T12:20:34+00:00","dateModified":"2021-02-04T18:41:19+00:00","description":"Aproveite nossa promo\u00e7\u00e3o por tempo limitado, e descubra a forma mais eficiente de emitir NF-e e organizar sua empresa.","breadcrumb":{"@id":"https:\/\/www.gerenciadoreficaz.com.br\/site\/planos-e-precos\/#breadcrumb"},"inLanguage":"pt-BR","potentialAction":[{"@type":"ReadAction","target":["https:\/\/www.gerenciadoreficaz.com.br\/site\/planos-e-precos\/"]}]},{"@type":"BreadcrumbList","@id":"https:\/\/www.gerenciadoreficaz.com.br\/site\/planos-e-precos\/#breadcrumb","itemListElement":[{"@type":"ListItem","position":1,"name":"In\u00edcio","item":"https:\/\/www.gerenciadoreficaz.com.br\/site\/"},{"@type":"ListItem","position":2,"name":"Planos e Pre\u00e7os"}]}]}},"_links":{"self":[{"href":"https:\/\/www.gerenciadoreficaz.com.br\/site\/wp-json\/wp\/v2\/pages\/14","targetHints":{"allow":["GET"]}}],"collection":[{"href":"https:\/\/www.gerenciadoreficaz.com.br\/site\/wp-json\/wp\/v2\/pages"}],"about":[{"href":"https:\/\/www.gerenciadoreficaz.com.br\/site\/wp-json\/wp\/v2\/types\/page"}],"author":[{"embeddable":true,"href":"https:\/\/www.gerenciadoreficaz.com.br\/site\/wp-json\/wp\/v2\/users\/1"}],"replies":[{"embeddable":true,"href":"https:\/\/www.gerenciadoreficaz.com.br\/site\/wp-json\/wp\/v2\/comments?post=14"}],"version-history":[{"count":1,"href":"https:\/\/www.gerenciadoreficaz.com.br\/site\/wp-json\/wp\/v2\/pages\/14\/revisions"}],"predecessor-version":[{"id":15,"href":"https:\/\/www.gerenciadoreficaz.com.br\/site\/wp-json\/wp\/v2\/pages\/14\/revisions\/15"}],"wp:attachment":[{"href":"https:\/\/www.gerenciadoreficaz.com.br\/site\/wp-json\/wp\/v2\/media?parent=14"}],"curies":[{"name":"wp","href":"https:\/\/api.w.org\/{rel}","templated":true}]}}