{"id":1949,"date":"2021-11-17T10:28:49","date_gmt":"2021-11-17T13:28:49","guid":{"rendered":"https:\/\/www.gerenciadoreficaz.com.br\/site\/?page_id=1949"},"modified":"2021-11-17T10:28:50","modified_gmt":"2021-11-17T13:28:50","slug":"politica-de-privacidade","status":"publish","type":"page","link":"https:\/\/www.gerenciadoreficaz.com.br\/site\/politica-de-privacidade\/","title":{"rendered":"Pol\u00edtica de Privacidade"},"content":{"rendered":"\n<p>A <strong>Regra Consultoria Inform\u00e1tica LTDA<\/strong> apresenta esta Pol\u00edtica de Privacidade com a inten\u00e7\u00e3o de te informar sobre o uso de seus dados pessoais e a maneira pela qual nos dedicamos a proteg\u00ea-los. Comunicamos que este documento est\u00e1 de acordo com a Lei Geral de Prote\u00e7\u00e3o de Dados (LGPD).<\/p>\n\n\n\n<p>Nossa Pol\u00edtica de Privacidade abrange a coleta de dados online e offline, em diferentes canais de comunica\u00e7\u00e3o. O maior objetivo \u00e9 oferecer uma experi\u00eancia de compra de qualidade com base nos seus interesses espec\u00edficos do cliente.<\/p>\n\n\n\n<p>Visando sempre excel\u00eancia no atendimento, coletamos as informa\u00e7\u00f5es necess\u00e1rias, sempre com o seu consentimento.<\/p>\n\n\n\n<h3 class=\"wp-block-heading\">Nossa responsabilidade<\/h3>\n\n\n\n<p>Armazenar seus dados de forma confidencial e segura, utiliz\u00e1-los apenas para o fim ao qual foram destinados e n\u00e3o os fornecer a terceiros.<\/p>\n\n\n\n<h3 class=\"wp-block-heading\">Vis\u00e3o Geral<\/h3>\n\n\n\n<p>Nossa miss\u00e3o \u00e9 a funcionalidade, pontualidade e dinamismo, prezando sempre pela efici\u00eancia da comunica\u00e7\u00e3o atrav\u00e9s do marketing digital. Queremos que voc\u00ea entenda como usamos os seus dados pessoais e como voc\u00ea pode control\u00e1-los.<\/p>\n\n\n\n<h3 class=\"wp-block-heading\">Sua responsabilidade<\/h3>\n\n\n\n<p>Atualizar-se sobre nossa Pol\u00edtica de Privacidade, fornecer os dados ver\u00eddicos quando solicitados e, caso queira, informar-nos quando desejar ser desvinculado de nossa base de dados.<\/p>\n\n\n\n<h3 class=\"wp-block-heading\">Como coletamos dados pessoais<\/h3>\n\n\n\n<p>Durante todo o processo de compra a Regra Consultoria Inform\u00e1tica LTDA solicita diversos dados em diferentes plataformas de comunica\u00e7\u00e3o para estabelecer contato, tais como: WhatsApp, informa\u00e7\u00f5es disponibilizadas via redes sociais, dados obtidos em contrato, e-mail, formul\u00e1rios do nosso site, solicita\u00e7\u00e3o de or\u00e7amento, cookies.<\/p>\n\n\n\n<p>Caso voc\u00ea n\u00e3o disponibilize seus dados, ou nos forne\u00e7a dados que n\u00e3o sejam verdadeiros, n\u00e3o poderemos efetuar uma correta comunica\u00e7\u00e3o e dar o devido suporte, desfavorecendo sua experi\u00eancia de compra.<\/p>\n\n\n\n<p>Se voc\u00ea tiver alguma d\u00favida sobre a nossa Pol\u00edtica de Privacidade voc\u00ea pode nos contatar pelo e-mail: contato@gerenciadoreficaz.com.br .<\/p>\n","protected":false},"excerpt":{"rendered":"<p>A Regra Consultoria Inform\u00e1tica LTDA apresenta esta Pol\u00edtica de Privacidade com a inten\u00e7\u00e3o de te informar sobre o uso de seus dados pessoais e a maneira pela qual nos dedicamos a proteg\u00ea-los. Comunicamos que este documento est\u00e1 de acordo com a Lei Geral de Prote\u00e7\u00e3o de Dados (LGPD). Nossa Pol\u00edtica de Privacidade abrange a coleta [&hellip;]<\/p>\n","protected":false},"author":1,"featured_media":0,"parent":0,"menu_order":0,"comment_status":"closed","ping_status":"closed","template":"","meta":{"footnotes":""},"class_list":["post-1949","page","type-page","status-publish","hentry"],"yoast_head":"<!-- This site is optimized with the Yoast SEO plugin v17.6 - https:\/\/yoast.com\/wordpress\/plugins\/seo\/ -->\n<title>- Gerenciador Eficaz<\/title>\n<meta name=\"robots\" content=\"index, follow, max-snippet:-1, max-image-preview:large, max-video-preview:-1\" \/>\n<link rel=\"canonical\" href=\"https:\/\/www.gerenciadoreficaz.com.br\/site\/politica-de-privacidade\/\" \/>\n<meta property=\"og:locale\" content=\"pt_BR\" \/>\n<meta property=\"og:type\" content=\"article\" \/>\n<meta property=\"og:title\" content=\"- Gerenciador Eficaz\" \/>\n<meta property=\"og:description\" content=\"A Regra Consultoria Inform\u00e1tica LTDA apresenta esta Pol\u00edtica de Privacidade com a inten\u00e7\u00e3o de te informar sobre o uso de seus dados pessoais e a maneira pela qual nos dedicamos a proteg\u00ea-los. Comunicamos que este documento est\u00e1 de acordo com a Lei Geral de Prote\u00e7\u00e3o de Dados (LGPD). Nossa Pol\u00edtica de Privacidade abrange a coleta [&hellip;]\" \/>\n<meta property=\"og:url\" content=\"https:\/\/www.gerenciadoreficaz.com.br\/site\/politica-de-privacidade\/\" \/>\n<meta property=\"og:site_name\" content=\"Gerenciador Eficaz\" \/>\n<meta property=\"article:publisher\" content=\"https:\/\/www.facebook.com\/GerenciadorEficaz\" \/>\n<meta property=\"article:modified_time\" content=\"2021-11-17T13:28:50+00:00\" \/>\n<meta name=\"twitter:card\" content=\"summary_large_image\" \/>\n<meta name=\"twitter:label1\" content=\"Est. tempo de leitura\" \/>\n\t<meta name=\"twitter:data1\" content=\"2 minutos\" \/>\n<script type=\"application\/ld+json\" class=\"yoast-schema-graph\">{\"@context\":\"https:\/\/schema.org\",\"@graph\":[{\"@type\":\"Organization\",\"@id\":\"https:\/\/www.gerenciadoreficaz.com.br\/site\/#organization\",\"name\":\"Regra Consultoria\",\"url\":\"https:\/\/www.gerenciadoreficaz.com.br\/site\/\",\"sameAs\":[\"https:\/\/www.facebook.com\/GerenciadorEficaz\",\"https:\/\/www.instagram.com\/gerenciadoreficaz\/\",\"https:\/\/www.linkedin.com\/company\/regra-consultoria-e-inform-tica-ltda\/about\/\"],\"logo\":{\"@type\":\"ImageObject\",\"@id\":\"https:\/\/www.gerenciadoreficaz.com.br\/site\/#logo\",\"inLanguage\":\"pt-BR\",\"url\":\"https:\/\/www.gerenciadoreficaz.com.br\/site\/wp-content\/uploads\/2021\/01\/logo.png\",\"contentUrl\":\"https:\/\/www.gerenciadoreficaz.com.br\/site\/wp-content\/uploads\/2021\/01\/logo.png\",\"width\":264,\"height\":65,\"caption\":\"Regra Consultoria\"},\"image\":{\"@id\":\"https:\/\/www.gerenciadoreficaz.com.br\/site\/#logo\"}},{\"@type\":\"WebSite\",\"@id\":\"https:\/\/www.gerenciadoreficaz.com.br\/site\/#website\",\"url\":\"https:\/\/www.gerenciadoreficaz.com.br\/site\/\",\"name\":\"Gerenciador Eficaz\",\"description\":\"Programa para emiss\\u00e3o de nota fiscal, controle de estoque, vendas, financeiro e muito mais!\",\"publisher\":{\"@id\":\"https:\/\/www.gerenciadoreficaz.com.br\/site\/#organization\"},\"potentialAction\":[{\"@type\":\"SearchAction\",\"target\":{\"@type\":\"EntryPoint\",\"urlTemplate\":\"https:\/\/www.gerenciadoreficaz.com.br\/site\/?s={search_term_string}\"},\"query-input\":\"required name=search_term_string\"}],\"inLanguage\":\"pt-BR\"},{\"@type\":\"WebPage\",\"@id\":\"https:\/\/www.gerenciadoreficaz.com.br\/site\/politica-de-privacidade\/#webpage\",\"url\":\"https:\/\/www.gerenciadoreficaz.com.br\/site\/politica-de-privacidade\/\",\"name\":\"- Gerenciador Eficaz\",\"isPartOf\":{\"@id\":\"https:\/\/www.gerenciadoreficaz.com.br\/site\/#website\"},\"datePublished\":\"2021-11-17T13:28:49+00:00\",\"dateModified\":\"2021-11-17T13:28:50+00:00\",\"breadcrumb\":{\"@id\":\"https:\/\/www.gerenciadoreficaz.com.br\/site\/politica-de-privacidade\/#breadcrumb\"},\"inLanguage\":\"pt-BR\",\"potentialAction\":[{\"@type\":\"ReadAction\",\"target\":[\"https:\/\/www.gerenciadoreficaz.com.br\/site\/politica-de-privacidade\/\"]}]},{\"@type\":\"BreadcrumbList\",\"@id\":\"https:\/\/www.gerenciadoreficaz.com.br\/site\/politica-de-privacidade\/#breadcrumb\",\"itemListElement\":[{\"@type\":\"ListItem\",\"position\":1,\"name\":\"In\\u00edcio\",\"item\":\"https:\/\/www.gerenciadoreficaz.com.br\/site\/\"},{\"@type\":\"ListItem\",\"position\":2,\"name\":\"Pol\\u00edtica de Privacidade\"}]}]}<\/script>\n<!-- \/ Yoast SEO plugin. -->","yoast_head_json":{"title":"- Gerenciador Eficaz","robots":{"index":"index","follow":"follow","max-snippet":"max-snippet:-1","max-image-preview":"max-image-preview:large","max-video-preview":"max-video-preview:-1"},"canonical":"https:\/\/www.gerenciadoreficaz.com.br\/site\/politica-de-privacidade\/","og_locale":"pt_BR","og_type":"article","og_title":"- Gerenciador Eficaz","og_description":"A Regra Consultoria Inform\u00e1tica LTDA apresenta esta Pol\u00edtica de Privacidade com a inten\u00e7\u00e3o de te informar sobre o uso de seus dados pessoais e a maneira pela qual nos dedicamos a proteg\u00ea-los. Comunicamos que este documento est\u00e1 de acordo com a Lei Geral de Prote\u00e7\u00e3o de Dados (LGPD). Nossa Pol\u00edtica de Privacidade abrange a coleta [&hellip;]","og_url":"https:\/\/www.gerenciadoreficaz.com.br\/site\/politica-de-privacidade\/","og_site_name":"Gerenciador Eficaz","article_publisher":"https:\/\/www.facebook.com\/GerenciadorEficaz","article_modified_time":"2021-11-17T13:28:50+00:00","twitter_card":"summary_large_image","twitter_misc":{"Est. tempo de leitura":"2 minutos"},"schema":{"@context":"https:\/\/schema.org","@graph":[{"@type":"Organization","@id":"https:\/\/www.gerenciadoreficaz.com.br\/site\/#organization","name":"Regra Consultoria","url":"https:\/\/www.gerenciadoreficaz.com.br\/site\/","sameAs":["https:\/\/www.facebook.com\/GerenciadorEficaz","https:\/\/www.instagram.com\/gerenciadoreficaz\/","https:\/\/www.linkedin.com\/company\/regra-consultoria-e-inform-tica-ltda\/about\/"],"logo":{"@type":"ImageObject","@id":"https:\/\/www.gerenciadoreficaz.com.br\/site\/#logo","inLanguage":"pt-BR","url":"https:\/\/www.gerenciadoreficaz.com.br\/site\/wp-content\/uploads\/2021\/01\/logo.png","contentUrl":"https:\/\/www.gerenciadoreficaz.com.br\/site\/wp-content\/uploads\/2021\/01\/logo.png","width":264,"height":65,"caption":"Regra Consultoria"},"image":{"@id":"https:\/\/www.gerenciadoreficaz.com.br\/site\/#logo"}},{"@type":"WebSite","@id":"https:\/\/www.gerenciadoreficaz.com.br\/site\/#website","url":"https:\/\/www.gerenciadoreficaz.com.br\/site\/","name":"Gerenciador Eficaz","description":"Programa para emiss\u00e3o de nota fiscal, controle de estoque, vendas, financeiro e muito mais!","publisher":{"@id":"https:\/\/www.gerenciadoreficaz.com.br\/site\/#organization"},"potentialAction":[{"@type":"SearchAction","target":{"@type":"EntryPoint","urlTemplate":"https:\/\/www.gerenciadoreficaz.com.br\/site\/?s={search_term_string}"},"query-input":"required name=search_term_string"}],"inLanguage":"pt-BR"},{"@type":"WebPage","@id":"https:\/\/www.gerenciadoreficaz.com.br\/site\/politica-de-privacidade\/#webpage","url":"https:\/\/www.gerenciadoreficaz.com.br\/site\/politica-de-privacidade\/","name":"- Gerenciador Eficaz","isPartOf":{"@id":"https:\/\/www.gerenciadoreficaz.com.br\/site\/#website"},"datePublished":"2021-11-17T13:28:49+00:00","dateModified":"2021-11-17T13:28:50+00:00","breadcrumb":{"@id":"https:\/\/www.gerenciadoreficaz.com.br\/site\/politica-de-privacidade\/#breadcrumb"},"inLanguage":"pt-BR","potentialAction":[{"@type":"ReadAction","target":["https:\/\/www.gerenciadoreficaz.com.br\/site\/politica-de-privacidade\/"]}]},{"@type":"BreadcrumbList","@id":"https:\/\/www.gerenciadoreficaz.com.br\/site\/politica-de-privacidade\/#breadcrumb","itemListElement":[{"@type":"ListItem","position":1,"name":"In\u00edcio","item":"https:\/\/www.gerenciadoreficaz.com.br\/site\/"},{"@type":"ListItem","position":2,"name":"Pol\u00edtica de Privacidade"}]}]}},"_links":{"self":[{"href":"https:\/\/www.gerenciadoreficaz.com.br\/site\/wp-json\/wp\/v2\/pages\/1949","targetHints":{"allow":["GET"]}}],"collection":[{"href":"https:\/\/www.gerenciadoreficaz.com.br\/site\/wp-json\/wp\/v2\/pages"}],"about":[{"href":"https:\/\/www.gerenciadoreficaz.com.br\/site\/wp-json\/wp\/v2\/types\/page"}],"author":[{"embeddable":true,"href":"https:\/\/www.gerenciadoreficaz.com.br\/site\/wp-json\/wp\/v2\/users\/1"}],"replies":[{"embeddable":true,"href":"https:\/\/www.gerenciadoreficaz.com.br\/site\/wp-json\/wp\/v2\/comments?post=1949"}],"version-history":[{"count":1,"href":"https:\/\/www.gerenciadoreficaz.com.br\/site\/wp-json\/wp\/v2\/pages\/1949\/revisions"}],"predecessor-version":[{"id":1951,"href":"https:\/\/www.gerenciadoreficaz.com.br\/site\/wp-json\/wp\/v2\/pages\/1949\/revisions\/1951"}],"wp:attachment":[{"href":"https:\/\/www.gerenciadoreficaz.com.br\/site\/wp-json\/wp\/v2\/media?parent=1949"}],"curies":[{"name":"wp","href":"https:\/\/api.w.org\/{rel}","templated":true}]}}